{"id":2182,"date":"2021-05-14T15:35:00","date_gmt":"2021-05-14T15:35:00","guid":{"rendered":"https:\/\/gracey.qodeinteractive.com\/?page_id=2182"},"modified":"2025-02-07T15:54:14","modified_gmt":"2025-02-07T15:54:14","slug":"about","status":"publish","type":"page","link":"https:\/\/ladnie.art\/paintings\/about\/","title":{"rendered":"About"},"content":{"rendered":"\t\t<div data-elementor-type=\"wp-page\" data-elementor-id=\"2182\" class=\"elementor elementor-2182\">\n\t\t\t\t\t\t<section class=\"elementor-section elementor-top-section elementor-element elementor-element-b8c8fdf elementor-section-full_width qodef-elementor-content-grid qodef-extended-grid qodef-extended-grid--right elementor-hidden-mobile elementor-section-height-default elementor-section-height-default\" data-id=\"b8c8fdf\" data-element_type=\"section\">\n\t\t\t\t\t\t<div class=\"elementor-container elementor-column-gap-default\">\n\t\t\t\t\t<div class=\"elementor-column elementor-col-50 elementor-top-column elementor-element elementor-element-85a5bf3\" data-id=\"85a5bf3\" data-element_type=\"column\">\n\t\t\t<div class=\"elementor-widget-wrap elementor-element-populated\">\n\t\t\t\t\t\t<div class=\"elementor-element elementor-element-ce3e951 elementor-widget__width-initial elementor-widget-tablet__width-initial elementor-widget-mobile__width-initial elementor-widget elementor-widget-gracey_core_info_section\" data-id=\"ce3e951\" data-element_type=\"widget\" data-widget_type=\"gracey_core_info_section.default\">\n\t\t\t\t<div class=\"elementor-widget-container\">\n\t\t\t<div class=\"qodef-shortcode qodef-m  qodef-info-section qodef-layout--background-text  qodef-alignment--left qodef-background-text-pos--top-left\">\n\t<div class=\"qodef-m-background-text\">\n\t\t\t<\/div>\n\t<div class=\"qodef-m-info\">\n\t\t    <p class=\"qodef-m-subtitle\">ABOUT<\/p>\n\n\t\t\t\t\t\t\t<\/div>\n<\/div>\n\t\t<\/div>\n\t\t\t\t<\/div>\n\t\t\t\t<div class=\"elementor-element elementor-element-e132e6b elementor-widget elementor-widget-text-editor\" data-id=\"e132e6b\" data-element_type=\"widget\" data-widget_type=\"text-editor.default\">\n\t\t\t\t<div class=\"elementor-widget-container\">\n\t\t\t<style>\/*! elementor - v3.23.0 - 05-08-2024 *\/\n.elementor-widget-text-editor.elementor-drop-cap-view-stacked .elementor-drop-cap{background-color:#69727d;color:#fff}.elementor-widget-text-editor.elementor-drop-cap-view-framed .elementor-drop-cap{color:#69727d;border:3px solid;background-color:transparent}.elementor-widget-text-editor:not(.elementor-drop-cap-view-default) .elementor-drop-cap{margin-top:8px}.elementor-widget-text-editor:not(.elementor-drop-cap-view-default) .elementor-drop-cap-letter{width:1em;height:1em}.elementor-widget-text-editor .elementor-drop-cap{float:left;text-align:center;line-height:1;font-size:50px}.elementor-widget-text-editor .elementor-drop-cap-letter{display:inline-block}<\/style>\t\t\t\t<p>LADNIE &#8211; Katarzyna Glinka<\/p>\t\t\t\t\t\t<\/div>\n\t\t\t\t<\/div>\n\t\t\t\t<div class=\"elementor-element elementor-element-620c1ed elementor-widget__width-initial elementor-widget-tablet__width-initial elementor-widget elementor-widget-text-editor\" data-id=\"620c1ed\" data-element_type=\"widget\" data-widget_type=\"text-editor.default\">\n\t\t\t\t<div class=\"elementor-widget-container\">\n\t\t\t\t\t\t\t<p><span lang=\"EN-US\">An interdyscyplinary artist born in Warsaw. Graduated from the Academy of Fine Arts in \u0141\u00f3d\u017a, Poland, and after stations in Madrid, Gdansk, Wroclaw, and Toulouse she currently lives and works in Berlin. While her specializations in the studies were fashion design and painting, today her main focus is painting, digital art and <span style=\"text-decoration: underline;\"><a href=\"https:\/\/ladnie.art\/tattoos\">colorful tattoos.<\/a><\/span><\/span><\/p>\t\t\t\t\t\t<\/div>\n\t\t\t\t<\/div>\n\t\t\t\t<div class=\"elementor-element elementor-element-5d50481 elementor-widget__width-initial elementor-widget-tablet__width-initial elementor-widget elementor-widget-text-editor\" data-id=\"5d50481\" data-element_type=\"widget\" data-widget_type=\"text-editor.default\">\n\t\t\t\t<div class=\"elementor-widget-container\">\n\t\t\t\t\t\t\t<p><span lang=\"EN-US\">She participated in many solo and group exhibitions connected with painting, as well as with fashion design. Currently, she is working on a series of oil paintings. This oeuvre takes a strong reference to feminism and the social situation of women, especially in eastern Europe.\u00a0<\/span><\/p><p><span lang=\"EN-US\">On a daily basis, she is tattooing custom-made artworks. This field of applicated art allows her creativity outside of conventional boundaries and forms of expression. The linked social environment gives her deep insights into burning social topics and concerns, and different cultural backgrounds. Running her own tattoo studio, she continues to explore themes of self-expression and challenges conventional expectations.<\/span><\/p><p><span lang=\"EN-US\">Her art is characterized by the interaction of colors, which she expresses throughout the wide range of possibilities in different media and technology.<\/span><\/p>\t\t\t\t\t\t<\/div>\n\t\t\t\t<\/div>\n\t\t\t\t\t<\/div>\n\t\t<\/div>\n\t\t\t\t<div class=\"elementor-column elementor-col-50 elementor-top-column elementor-element elementor-element-f87538e elementor-hidden-phone\" data-id=\"f87538e\" data-element_type=\"column\" data-settings=\"{&quot;background_background&quot;:&quot;classic&quot;}\">\n\t\t\t<div class=\"elementor-widget-wrap elementor-element-populated\">\n\t\t\t\t\t\t<div class=\"elementor-element elementor-element-1cc4887 elementor-widget elementor-widget-image\" data-id=\"1cc4887\" data-element_type=\"widget\" data-widget_type=\"image.default\">\n\t\t\t\t<div class=\"elementor-widget-container\">\n\t\t\t<style>\/*! elementor - v3.23.0 - 05-08-2024 *\/\n.elementor-widget-image{text-align:center}.elementor-widget-image a{display:inline-block}.elementor-widget-image a img[src$=\".svg\"]{width:48px}.elementor-widget-image img{vertical-align:middle;display:inline-block}<\/style>\t\t\t\t\t\t\t\t\t\t<img fetchpriority=\"high\" decoding=\"async\" width=\"1000\" height=\"1500\" src=\"https:\/\/ladnie.art\/paintings\/wp-content\/uploads\/sites\/4\/2023\/04\/IMG_3938.jpg\" class=\"attachment-full size-full wp-image-8221\" alt=\"\" srcset=\"https:\/\/ladnie.art\/paintings\/wp-content\/uploads\/sites\/4\/2023\/04\/IMG_3938.jpg 1000w, https:\/\/ladnie.art\/paintings\/wp-content\/uploads\/sites\/4\/2023\/04\/IMG_3938-200x300.jpg 200w, https:\/\/ladnie.art\/paintings\/wp-content\/uploads\/sites\/4\/2023\/04\/IMG_3938-683x1024.jpg 683w, https:\/\/ladnie.art\/paintings\/wp-content\/uploads\/sites\/4\/2023\/04\/IMG_3938-768x1152.jpg 768w, https:\/\/ladnie.art\/paintings\/wp-content\/uploads\/sites\/4\/2023\/04\/IMG_3938-600x900.jpg 600w\" sizes=\"(max-width: 1000px) 100vw, 1000px\" \/>\t\t\t\t\t\t\t\t\t\t\t\t\t<\/div>\n\t\t\t\t<\/div>\n\t\t\t\t\t<\/div>\n\t\t<\/div>\n\t\t\t\t\t<\/div>\n\t\t<\/section>\n\t\t\t\t<section class=\"elementor-section elementor-top-section elementor-element elementor-element-edd1629 elementor-section-full_width qodef-elementor-content-grid qodef-extended-grid qodef-extended-grid--right elementor-hidden-desktop elementor-hidden-tablet elementor-section-height-default elementor-section-height-default\" data-id=\"edd1629\" data-element_type=\"section\">\n\t\t\t\t\t\t<div class=\"elementor-container elementor-column-gap-default\">\n\t\t\t\t\t<div class=\"elementor-column elementor-col-50 elementor-top-column elementor-element elementor-element-c83c4cd\" data-id=\"c83c4cd\" data-element_type=\"column\">\n\t\t\t<div class=\"elementor-widget-wrap elementor-element-populated\">\n\t\t\t\t\t\t<div class=\"elementor-element elementor-element-fb46043 elementor-widget elementor-widget-image\" data-id=\"fb46043\" data-element_type=\"widget\" data-widget_type=\"image.default\">\n\t\t\t\t<div class=\"elementor-widget-container\">\n\t\t\t\t\t\t\t\t\t\t\t\t\t<img fetchpriority=\"high\" decoding=\"async\" width=\"1000\" height=\"1500\" src=\"https:\/\/ladnie.art\/paintings\/wp-content\/uploads\/sites\/4\/2023\/04\/IMG_3938.jpg\" class=\"attachment-full size-full wp-image-8221\" alt=\"\" srcset=\"https:\/\/ladnie.art\/paintings\/wp-content\/uploads\/sites\/4\/2023\/04\/IMG_3938.jpg 1000w, https:\/\/ladnie.art\/paintings\/wp-content\/uploads\/sites\/4\/2023\/04\/IMG_3938-200x300.jpg 200w, https:\/\/ladnie.art\/paintings\/wp-content\/uploads\/sites\/4\/2023\/04\/IMG_3938-683x1024.jpg 683w, https:\/\/ladnie.art\/paintings\/wp-content\/uploads\/sites\/4\/2023\/04\/IMG_3938-768x1152.jpg 768w, https:\/\/ladnie.art\/paintings\/wp-content\/uploads\/sites\/4\/2023\/04\/IMG_3938-600x900.jpg 600w\" sizes=\"(max-width: 1000px) 100vw, 1000px\" \/>\t\t\t\t\t\t\t\t\t\t\t\t\t<\/div>\n\t\t\t\t<\/div>\n\t\t\t\t\t<\/div>\n\t\t<\/div>\n\t\t\t\t<div class=\"elementor-column elementor-col-50 elementor-top-column elementor-element elementor-element-de75826 elementor-hidden-phone\" data-id=\"de75826\" data-element_type=\"column\" data-settings=\"{&quot;background_background&quot;:&quot;classic&quot;}\">\n\t\t\t<div class=\"elementor-widget-wrap elementor-element-populated\">\n\t\t\t\t\t\t\t<\/div>\n\t\t<\/div>\n\t\t\t\t\t<\/div>\n\t\t<\/section>\n\t\t\t\t<section class=\"elementor-section elementor-top-section elementor-element elementor-element-fad1d2a elementor-section-full_width qodef-elementor-content-grid qodef-extended-grid qodef-extended-grid--right elementor-hidden-desktop elementor-hidden-tablet elementor-section-height-default elementor-section-height-default\" data-id=\"fad1d2a\" data-element_type=\"section\">\n\t\t\t\t\t\t<div class=\"elementor-container elementor-column-gap-default\">\n\t\t\t\t\t<div class=\"elementor-column elementor-col-50 elementor-top-column elementor-element elementor-element-af3d8a8\" data-id=\"af3d8a8\" data-element_type=\"column\">\n\t\t\t<div class=\"elementor-widget-wrap elementor-element-populated\">\n\t\t\t\t\t\t<div class=\"elementor-element elementor-element-16ff908 elementor-widget__width-initial elementor-widget-tablet__width-initial elementor-widget-mobile__width-initial elementor-widget elementor-widget-gracey_core_info_section\" data-id=\"16ff908\" data-element_type=\"widget\" data-widget_type=\"gracey_core_info_section.default\">\n\t\t\t\t<div class=\"elementor-widget-container\">\n\t\t\t<div class=\"qodef-shortcode qodef-m  qodef-info-section qodef-layout--background-text  qodef-alignment--left qodef-background-text-pos--top-left\">\n\t<div class=\"qodef-m-background-text\">\n\t\t\t<\/div>\n\t<div class=\"qodef-m-info\">\n\t\t    <p class=\"qodef-m-subtitle\">ABOUT<\/p>\n\n\t\t\t\t\t\t\t<\/div>\n<\/div>\n\t\t<\/div>\n\t\t\t\t<\/div>\n\t\t\t\t<div class=\"elementor-element elementor-element-728b1bc elementor-widget elementor-widget-text-editor\" data-id=\"728b1bc\" data-element_type=\"widget\" data-widget_type=\"text-editor.default\">\n\t\t\t\t<div class=\"elementor-widget-container\">\n\t\t\t\t\t\t\t<p>LADNIE &#8211; Katarzyna Glinka<\/p>\t\t\t\t\t\t<\/div>\n\t\t\t\t<\/div>\n\t\t\t\t<div class=\"elementor-element elementor-element-a334d83 elementor-widget__width-initial elementor-widget-tablet__width-initial elementor-widget elementor-widget-text-editor\" data-id=\"a334d83\" data-element_type=\"widget\" data-widget_type=\"text-editor.default\">\n\t\t\t\t<div class=\"elementor-widget-container\">\n\t\t\t\t\t\t\t<p class=\"Default\" style=\"margin-top: 0cm; line-height: normal;\"><span lang=\"EN-US\">An interdyscyplinary artist born in Warsaw. Graduated from the Academy of Fine Arts in \u0141\u00f3d\u017a, Poland, and after stations in Madrid, Gdansk, Wroclaw, and Toulouse she currently lives and works in Berlin. While her specializations in the studies were fashion design and painting, today her main focus is painting, digital art and <a href=\"https:\/\/ladnie.art\/tattoos\"><span style=\"text-decoration: underline;\">colorful tattoos.<\/span><\/a><\/span><\/p>\t\t\t\t\t\t<\/div>\n\t\t\t\t<\/div>\n\t\t\t\t<div class=\"elementor-element elementor-element-8ece6a7 elementor-widget__width-initial elementor-widget-tablet__width-initial elementor-widget elementor-widget-text-editor\" data-id=\"8ece6a7\" data-element_type=\"widget\" data-widget_type=\"text-editor.default\">\n\t\t\t\t<div class=\"elementor-widget-container\">\n\t\t\t\t\t\t\t<p style=\"margin-top: 0cm; line-height: normal;\"><span lang=\"EN-US\">She participated in many solo and group exhibitions connected with painting, as well as with fashion design. Currently, she is working on a series of oil paintings. This oeuvre takes a strong reference to feminism and the social situation of women, especially in eastern Europe.\u00a0<\/span><\/p><p style=\"margin-top: 0cm; line-height: normal;\"><span lang=\"EN-US\">On a daily basis, she is tattooing custom-made artworks. This field of applicated art allows her creativity outside of conventional boundaries and forms of expression. The linked social environment gives her deep insights into burning social topics and concerns, and different cultural backgrounds. Running her own tattoo studio, she continues to explore themes of self-expression and challenges conventional expectations.<\/span><\/p><p style=\"margin-top: 0cm; line-height: normal;\"><span lang=\"EN-US\">Her art is characterized by the interaction of colors, which she expresses throughout the wide range of possibilities in different media and technology.<\/span><\/p>\t\t\t\t\t\t<\/div>\n\t\t\t\t<\/div>\n\t\t\t\t\t<\/div>\n\t\t<\/div>\n\t\t\t\t<div class=\"elementor-column elementor-col-50 elementor-top-column elementor-element elementor-element-0a50684 elementor-hidden-phone\" data-id=\"0a50684\" data-element_type=\"column\" data-settings=\"{&quot;background_background&quot;:&quot;classic&quot;}\">\n\t\t\t<div class=\"elementor-widget-wrap elementor-element-populated\">\n\t\t\t\t\t\t\t<\/div>\n\t\t<\/div>\n\t\t\t\t\t<\/div>\n\t\t<\/section>\n\t\t\t\t<section class=\"elementor-section elementor-top-section elementor-element elementor-element-886b3f2 elementor-section-full_width qodef-elementor-content-grid qodef-extended-grid qodef-extended-grid--left elementor-hidden-desktop elementor-hidden-tablet elementor-section-height-default elementor-section-height-default\" data-id=\"886b3f2\" data-element_type=\"section\">\n\t\t\t\t\t\t<div class=\"elementor-container elementor-column-gap-default\">\n\t\t\t\t\t<div class=\"elementor-column elementor-col-50 elementor-top-column elementor-element elementor-element-200fe05\" data-id=\"200fe05\" data-element_type=\"column\" data-settings=\"{&quot;background_background&quot;:&quot;classic&quot;}\">\n\t\t\t<div class=\"elementor-widget-wrap elementor-element-populated\">\n\t\t\t\t\t\t<div class=\"elementor-element elementor-element-acc2006 elementor-widget elementor-widget-image\" data-id=\"acc2006\" data-element_type=\"widget\" data-widget_type=\"image.default\">\n\t\t\t\t<div class=\"elementor-widget-container\">\n\t\t\t\t\t\t\t\t\t\t\t\t\t<img decoding=\"async\" width=\"933\" height=\"1400\" src=\"https:\/\/ladnie.art\/paintings\/wp-content\/uploads\/sites\/4\/2023\/04\/IMG_3945.jpg\" class=\"attachment-full size-full wp-image-8251\" alt=\"\" srcset=\"https:\/\/ladnie.art\/paintings\/wp-content\/uploads\/sites\/4\/2023\/04\/IMG_3945.jpg 933w, https:\/\/ladnie.art\/paintings\/wp-content\/uploads\/sites\/4\/2023\/04\/IMG_3945-200x300.jpg 200w, https:\/\/ladnie.art\/paintings\/wp-content\/uploads\/sites\/4\/2023\/04\/IMG_3945-682x1024.jpg 682w, https:\/\/ladnie.art\/paintings\/wp-content\/uploads\/sites\/4\/2023\/04\/IMG_3945-768x1152.jpg 768w, https:\/\/ladnie.art\/paintings\/wp-content\/uploads\/sites\/4\/2023\/04\/IMG_3945-600x900.jpg 600w\" sizes=\"(max-width: 933px) 100vw, 933px\" \/>\t\t\t\t\t\t\t\t\t\t\t\t\t<\/div>\n\t\t\t\t<\/div>\n\t\t\t\t\t<\/div>\n\t\t<\/div>\n\t\t\t\t<div class=\"elementor-column elementor-col-50 elementor-top-column elementor-element elementor-element-23a6543 elementor-hidden-phone\" data-id=\"23a6543\" data-element_type=\"column\" data-settings=\"{&quot;background_background&quot;:&quot;classic&quot;}\">\n\t\t\t<div class=\"elementor-widget-wrap elementor-element-populated\">\n\t\t\t\t\t\t\t<\/div>\n\t\t<\/div>\n\t\t\t\t\t<\/div>\n\t\t<\/section>\n\t\t\t\t<section class=\"elementor-section elementor-top-section elementor-element elementor-element-3126be6 elementor-section-full_width qodef-elementor-content-grid qodef-extended-grid qodef-extended-grid--right elementor-hidden-desktop elementor-hidden-tablet elementor-section-height-default elementor-section-height-default\" data-id=\"3126be6\" data-element_type=\"section\">\n\t\t\t\t\t\t<div class=\"elementor-container elementor-column-gap-default\">\n\t\t\t\t\t<div class=\"elementor-column elementor-col-50 elementor-top-column elementor-element elementor-element-e354928\" data-id=\"e354928\" data-element_type=\"column\">\n\t\t\t<div class=\"elementor-widget-wrap elementor-element-populated\">\n\t\t\t\t\t\t<div class=\"elementor-element elementor-element-4957a53 elementor-widget__width-initial elementor-widget-tablet__width-initial elementor-widget elementor-widget-text-editor\" data-id=\"4957a53\" data-element_type=\"widget\" data-widget_type=\"text-editor.default\">\n\t\t\t\t<div class=\"elementor-widget-container\">\n\t\t\t\t\t\t\t<h5>Exhibitions and Distinctions<\/h5><p><em>GROUP EXHIBITION<\/em><br \/>BERLIN, 2021<\/p><p><em>SOLO EXHIBITION<\/em><br \/>GDANSK, 2018<\/p><p><em>FIRST PRIZE &#8220;GARMENT CONSTRUCTIONS SOLUTIONS&#8221;<\/em><br \/>LVIV, 2017<\/p><p><em>POP &#8216;N&#8217;ART INDIVIDUAL EXHIBITION<\/em><br \/>LODZ, 2017<\/p><p><em>&#8220;STRZEMINSKI THE FINE ARTS&#8221; CONTEST LAUREATE<\/em><br \/>LODZ, 2017<\/p><p><em>GROUP EXHIBITION IN POS<\/em><br \/>LODZ, 2016<\/p><p><em>&#8220;EXIT&#8221; STUDIO INDIVIDUAL EXHIBITION<\/em><br \/>MADRID, 2016<\/p><p><em>GROUP EXHIBITION IN POS<\/em><br \/>LODZ, 2015<\/p><p><em>PARTICIPATION IN AN INTERDISCIPLINARY ARTISTIC AND HUMANISTIC PROJECT &#8220;BEAUTY AND UGLINESS&#8221; PROJECT UNDER THE PETRONAGE OF UMBERTO ECO<\/em><br \/>2015<\/p>\t\t\t\t\t\t<\/div>\n\t\t\t\t<\/div>\n\t\t\t\t\t<\/div>\n\t\t<\/div>\n\t\t\t\t<div class=\"elementor-column elementor-col-50 elementor-top-column elementor-element elementor-element-7fd135a elementor-hidden-phone\" data-id=\"7fd135a\" data-element_type=\"column\" data-settings=\"{&quot;background_background&quot;:&quot;classic&quot;}\">\n\t\t\t<div class=\"elementor-widget-wrap elementor-element-populated\">\n\t\t\t\t\t\t\t<\/div>\n\t\t<\/div>\n\t\t\t\t\t<\/div>\n\t\t<\/section>\n\t\t\t\t<section class=\"elementor-section elementor-top-section elementor-element elementor-element-25c4284 elementor-section-full_width qodef-elementor-content-grid qodef-extended-grid qodef-extended-grid--left elementor-hidden-mobile elementor-section-height-default elementor-section-height-default\" data-id=\"25c4284\" data-element_type=\"section\">\n\t\t\t\t\t\t<div class=\"elementor-container elementor-column-gap-default\">\n\t\t\t\t\t<div class=\"elementor-column elementor-col-50 elementor-top-column elementor-element elementor-element-441075f\" data-id=\"441075f\" data-element_type=\"column\" data-settings=\"{&quot;background_background&quot;:&quot;classic&quot;}\">\n\t\t\t<div class=\"elementor-widget-wrap elementor-element-populated\">\n\t\t\t\t\t\t<div class=\"elementor-element elementor-element-4ba2486 elementor-widget elementor-widget-image\" data-id=\"4ba2486\" data-element_type=\"widget\" data-widget_type=\"image.default\">\n\t\t\t\t<div class=\"elementor-widget-container\">\n\t\t\t\t\t\t\t\t\t\t\t\t\t<img decoding=\"async\" width=\"933\" height=\"1400\" src=\"https:\/\/ladnie.art\/paintings\/wp-content\/uploads\/sites\/4\/2023\/04\/IMG_3945.jpg\" class=\"attachment-full size-full wp-image-8251\" alt=\"\" srcset=\"https:\/\/ladnie.art\/paintings\/wp-content\/uploads\/sites\/4\/2023\/04\/IMG_3945.jpg 933w, https:\/\/ladnie.art\/paintings\/wp-content\/uploads\/sites\/4\/2023\/04\/IMG_3945-200x300.jpg 200w, https:\/\/ladnie.art\/paintings\/wp-content\/uploads\/sites\/4\/2023\/04\/IMG_3945-682x1024.jpg 682w, https:\/\/ladnie.art\/paintings\/wp-content\/uploads\/sites\/4\/2023\/04\/IMG_3945-768x1152.jpg 768w, https:\/\/ladnie.art\/paintings\/wp-content\/uploads\/sites\/4\/2023\/04\/IMG_3945-600x900.jpg 600w\" sizes=\"(max-width: 933px) 100vw, 933px\" \/>\t\t\t\t\t\t\t\t\t\t\t\t\t<\/div>\n\t\t\t\t<\/div>\n\t\t\t\t\t<\/div>\n\t\t<\/div>\n\t\t\t\t<div class=\"elementor-column elementor-col-50 elementor-top-column elementor-element elementor-element-cd7e7d3 elementor-hidden-phone\" data-id=\"cd7e7d3\" data-element_type=\"column\" data-settings=\"{&quot;background_background&quot;:&quot;classic&quot;}\">\n\t\t\t<div class=\"elementor-widget-wrap elementor-element-populated\">\n\t\t\t\t\t\t<div class=\"elementor-element elementor-element-93af693 elementor-widget elementor-widget-text-editor\" data-id=\"93af693\" data-element_type=\"widget\" data-widget_type=\"text-editor.default\">\n\t\t\t\t<div class=\"elementor-widget-container\">\n\t\t\t\t\t\t\t<h5>Exhibitions and Distinctions<\/h5><p><em>GROUP EXHIBITION<\/em><br \/>BERLIN, 2021<\/p><p><em>SOLO EXHIBITION<\/em><br \/>GDANSK, 2018<\/p><p><em>FIRST PRIZE &#8220;GARMENT CONSTRUCTIONS SOLUTIONS&#8221;<\/em><br \/>LVIV, 2017<\/p><p><em>POP &#8216;N&#8217;ART INDIVIDUAL EXHIBITION<\/em><br \/>LODZ, 2017<\/p><p><em>&#8220;STRZEMINSKI THE FINE ARTS&#8221; CONTEST LAUREATE<\/em><br \/>LODZ, 2017<\/p><p><em>GROUP EXHIBITION IN POS<\/em><br \/>LODZ, 2016<\/p><p><em>&#8220;EXIT&#8221; STUDIO INDIVIDUAL EXHIBITION<\/em><br \/>MADRID, 2016<\/p><p><em>GROUP EXHIBITION IN POS<\/em><br \/>LODZ, 2015<\/p><p><em>PARTICIPATION IN AN INTERDISCIPLINARY ARTISTIC AND HUMANISTIC PROJECT &#8220;BEAUTY AND UGLINESS&#8221; PROJECT UNDER THE PETRONAGE OF UMBERTO ECO<\/em><br \/>2015<\/p>\t\t\t\t\t\t<\/div>\n\t\t\t\t<\/div>\n\t\t\t\t\t<\/div>\n\t\t<\/div>\n\t\t\t\t\t<\/div>\n\t\t<\/section>\n\t\t\t\t<\/div>\n\t\t","protected":false},"excerpt":{"rendered":"<p>ABOUT LADNIE &#8211; Katarzyna Glinka An interdyscyplinary artist born in Warsaw. Graduated from the Academy of Fine Arts in \u0141\u00f3d\u017a, Poland, and after stations in Madrid, Gdansk, Wroclaw, and Toulouse she currently lives and works in Berlin. While her specializations in the studies were fashion design and painting, today her main focus is painting, digital [&hellip;]<\/p>\n","protected":false},"author":1,"featured_media":0,"parent":0,"menu_order":0,"comment_status":"closed","ping_status":"closed","template":"page-full-width.php","meta":[],"_links":{"self":[{"href":"https:\/\/ladnie.art\/paintings\/wp-json\/wp\/v2\/pages\/2182"}],"collection":[{"href":"https:\/\/ladnie.art\/paintings\/wp-json\/wp\/v2\/pages"}],"about":[{"href":"https:\/\/ladnie.art\/paintings\/wp-json\/wp\/v2\/types\/page"}],"author":[{"embeddable":true,"href":"https:\/\/ladnie.art\/paintings\/wp-json\/wp\/v2\/users\/1"}],"replies":[{"embeddable":true,"href":"https:\/\/ladnie.art\/paintings\/wp-json\/wp\/v2\/comments?post=2182"}],"version-history":[{"count":240,"href":"https:\/\/ladnie.art\/paintings\/wp-json\/wp\/v2\/pages\/2182\/revisions"}],"predecessor-version":[{"id":8343,"href":"https:\/\/ladnie.art\/paintings\/wp-json\/wp\/v2\/pages\/2182\/revisions\/8343"}],"wp:attachment":[{"href":"https:\/\/ladnie.art\/paintings\/wp-json\/wp\/v2\/media?parent=2182"}],"curies":[{"name":"wp","href":"https:\/\/api.w.org\/{rel}","templated":true}]}}